{"id":29466,"date":"2026-02-24T16:28:56","date_gmt":"2026-02-24T12:58:56","guid":{"rendered":"https:\/\/solurabikes.de\/widerrufsbelehrung\/"},"modified":"2026-03-12T13:25:42","modified_gmt":"2026-03-12T12:25:42","slug":"widerrufsbelehrung","status":"publish","type":"page","link":"https:\/\/solurabikes.de\/en\/widerrufsbelehrung\/","title":{"rendered":"Widerrufsbelehrung"},"content":{"rendered":"<div data-elementor-type=\"wp-page\" data-elementor-id=\"29466\" class=\"elementor elementor-29466\" data-elementor-post-type=\"page\">\n\t\t\t\t<div class=\"wd-negative-gap elementor-element elementor-element-c900d6a e-flex e-con-boxed e-con e-parent\" data-id=\"c900d6a\" data-element_type=\"container\" data-e-type=\"container\">\n\t\t\t\t\t<div class=\"e-con-inner\">\n\t\t\t\t<div class=\"elementor-element elementor-element-96ac3f8 elementor-widget elementor-widget-spacer\" data-id=\"96ac3f8\" data-element_type=\"widget\" data-e-type=\"widget\" data-widget_type=\"spacer.default\">\n\t\t\t\t\t\t\t<div class=\"elementor-spacer\">\n\t\t\t<div class=\"elementor-spacer-inner\"><\/div>\n\t\t<\/div>\n\t\t\t\t\t\t<\/div>\n\t\t\t\t<div class=\"elementor-element elementor-element-c57c4e8 color-scheme-inherit text-left elementor-widget elementor-widget-text-editor\" data-id=\"c57c4e8\" data-element_type=\"widget\" data-e-type=\"widget\" data-widget_type=\"text-editor.default\">\n\t\t\t\t\t\t\t\t\t<h1>Widerrufsbelehrung<\/h1>\n\n<h2>Widerrufsrecht<\/h2>\n<p>\nSie haben das Recht, binnen vierzehn Tagen ohne Angabe von Gr\u00fcnden diesen Vertrag zu widerrufen.\n<\/p>\n\n<p>\nDie Widerrufsfrist betr\u00e4gt vierzehn Tage ab dem Tag, an dem Sie oder ein von Ihnen benannter\nDritter, der nicht der Bef\u00f6rderer ist, die Waren in Besitz genommen haben bzw. hat.\n<\/p>\n\n<p>\nUm Ihr Widerrufsrecht auszu\u00fcben, m\u00fcssen Sie uns\n<\/p>\n\n<p>\n<strong>Shima Khodaparast<\/strong><br>\nsolurabikes.de<br>\nTheodor-Heuss-Stra\u00dfe 53<br>\n53757 Sankt Augustin<br>\nDeutschland<br>\nE-Mail: <a href=\"mailto:shima.khoda53@gmail.com\">shima.khoda53@gmail.com<\/a>\n<\/p>\n\n<p>\nmittels einer eindeutigen Erkl\u00e4rung (z. B. ein mit der Post versandter Brief oder eine E-Mail)\n\u00fcber Ihren Entschluss, diesen Vertrag zu widerrufen, informieren.\n<\/p>\n\n<p>\nZur Wahrung der Widerrufsfrist reicht es aus, dass Sie die Mitteilung \u00fcber die Aus\u00fcbung des\nWiderrufsrechts vor Ablauf der Widerrufsfrist absenden.\n<\/p>\n\n<h2>Folgen des Widerrufs<\/h2>\n<p>\nWenn Sie diesen Vertrag widerrufen, haben wir Ihnen alle Zahlungen, die wir von Ihnen erhalten\nhaben, einschlie\u00dflich der Lieferkosten (mit Ausnahme der zus\u00e4tzlichen Kosten, die sich daraus\nergeben, dass Sie eine andere Art der Lieferung als die von uns angebotene g\u00fcnstigste\nStandardlieferung gew\u00e4hlt haben), unverz\u00fcglich und sp\u00e4testens binnen vierzehn Tagen ab dem\nTag zur\u00fcckzuzahlen, an dem die Mitteilung \u00fcber Ihren Widerruf dieses Vertrags bei uns\neingegangen ist.\n<\/p>\n\n<p>\nF\u00fcr diese R\u00fcckzahlung verwenden wir dasselbe Zahlungsmittel, das Sie bei der urspr\u00fcnglichen\nTransaktion eingesetzt haben, es sei denn, mit Ihnen wurde ausdr\u00fccklich etwas anderes\nvereinbart; in keinem Fall werden Ihnen wegen dieser R\u00fcckzahlung Entgelte berechnet.\n<\/p>\n\n<p>\nWir k\u00f6nnen die R\u00fcckzahlung verweigern, bis wir die Waren wieder zur\u00fcckerhalten haben oder\nbis Sie den Nachweis erbracht haben, dass Sie die Waren zur\u00fcckgesandt haben, je nachdem,\nwelches der fr\u00fchere Zeitpunkt ist.\n<\/p>\n\n<p>\nSie haben die Waren unverz\u00fcglich und in jedem Fall sp\u00e4testens binnen vierzehn Tagen ab dem\nTag, an dem Sie uns \u00fcber den Widerruf dieses Vertrags unterrichten, an uns zur\u00fcckzusenden\noder zu \u00fcbergeben.\n<\/p>\n\n<p>\nDie Frist ist gewahrt, wenn Sie die Waren vor Ablauf der Frist von vierzehn Tagen absenden.\n<\/p>\n\n<p>\nSie tragen die unmittelbaren Kosten der R\u00fccksendung der Waren.\n<\/p>\n\n<p>\nSie m\u00fcssen f\u00fcr einen etwaigen Wertverlust der Waren nur aufkommen, wenn dieser Wertverlust\nauf einen zur Pr\u00fcfung der Beschaffenheit, Eigenschaften und Funktionsweise der Waren nicht\nnotwendigen Umgang mit ihnen zur\u00fcckzuf\u00fchren ist.\n<\/p>\n\n<h2>Muster-Widerrufsformular<\/h2>\n\n<p>\n(Wenn Sie den Vertrag widerrufen wollen, dann f\u00fcllen Sie bitte dieses Formular aus und\nsenden Sie es zur\u00fcck.)\n<\/p>\n\n<p>\nAn:<br>\nShima Khodaparast<br>\nsolurabikes.de<br>\nTheodor-Heuss-Stra\u00dfe 53<br>\n53757 Sankt Augustin<br>\nDeutschland<br>\nE-Mail: shima.khoda53@gmail.com\n<\/p>\n\n<p>\nHiermit widerrufe(n) ich\/wir (*) den von mir\/uns (*) abgeschlossenen Vertrag \u00fcber den Kauf\nder folgenden Waren (*) \/ die Erbringung der folgenden Dienstleistung (*)\n<\/p>\n\n<p>\nBestellt am (*) \/ erhalten am (*)<br><br>\nName des\/der Verbraucher(s)<br><br>\nAnschrift des\/der Verbraucher(s)<br><br>\nUnterschrift des\/der Verbraucher(s) (nur bei Mitteilung auf Papier)<br><br>\nDatum\n<\/p>\n\n<p>(*) Unzutreffendes streichen.<\/p>\t\t\t\t\t\t\t\t<\/div>\n\t\t\t\t\t<\/div>\n\t\t\t\t<\/div>\n\t\t\t\t<\/div>","protected":false},"excerpt":{"rendered":"<p>Widerrufsbelehrung Widerrufsrecht Sie haben das Recht, binnen vierzehn Tagen ohne Angabe von Gr\u00fcnden diesen Vertrag zu widerrufen. Die Widerrufsfrist betr\u00e4gt<\/p>","protected":false},"author":1,"featured_media":0,"parent":0,"menu_order":0,"comment_status":"closed","ping_status":"closed","template":"","meta":{"footnotes":""},"class_list":["post-29466","page","type-page","status-publish","hentry"],"_links":{"self":[{"href":"https:\/\/solurabikes.de\/en\/wp-json\/wp\/v2\/pages\/29466","targetHints":{"allow":["GET"]}}],"collection":[{"href":"https:\/\/solurabikes.de\/en\/wp-json\/wp\/v2\/pages"}],"about":[{"href":"https:\/\/solurabikes.de\/en\/wp-json\/wp\/v2\/types\/page"}],"author":[{"embeddable":true,"href":"https:\/\/solurabikes.de\/en\/wp-json\/wp\/v2\/users\/1"}],"replies":[{"embeddable":true,"href":"https:\/\/solurabikes.de\/en\/wp-json\/wp\/v2\/comments?post=29466"}],"version-history":[{"count":9,"href":"https:\/\/solurabikes.de\/en\/wp-json\/wp\/v2\/pages\/29466\/revisions"}],"predecessor-version":[{"id":29608,"href":"https:\/\/solurabikes.de\/en\/wp-json\/wp\/v2\/pages\/29466\/revisions\/29608"}],"wp:attachment":[{"href":"https:\/\/solurabikes.de\/en\/wp-json\/wp\/v2\/media?parent=29466"}],"curies":[{"name":"wp","href":"https:\/\/api.w.org\/{rel}","templated":true}]}}