{"id":4400,"date":"2021-10-12T15:51:09","date_gmt":"2021-10-12T15:51:09","guid":{"rendered":"http:\/\/dummy.xtemos.com\/woodmart2\/elementor\/?page_id=4400"},"modified":"2026-02-24T17:14:25","modified_gmt":"2026-02-24T13:44:25","slug":"ueber-uns","status":"publish","type":"page","link":"https:\/\/solurabikes.de\/en\/ueber-uns\/","title":{"rendered":"\u00dcber uns"},"content":{"rendered":"<div data-elementor-type=\"wp-page\" data-elementor-id=\"4400\" class=\"elementor elementor-4400\" data-elementor-post-type=\"page\">\n\t\t\t\t<div class=\"wd-negative-gap elementor-element elementor-element-bf2c242 e-flex e-con-boxed e-con e-parent\" data-id=\"bf2c242\" data-element_type=\"container\" data-e-type=\"container\">\n\t\t\t\t\t<div class=\"e-con-inner\">\n\t\t\t\t\t<\/div>\n\t\t\t\t<\/div>\n\t\t<div class=\"wd-negative-gap elementor-element elementor-element-1c90c3f wd-section-stretch e-flex e-con-boxed e-con e-parent\" data-id=\"1c90c3f\" data-element_type=\"container\" data-e-type=\"container\" data-settings=\"{&quot;background_background&quot;:&quot;classic&quot;}\">\n\t\t\t\t\t<div class=\"e-con-inner\">\n\t\t\t\t<div class=\"elementor-element elementor-element-8002f6b elementor-widget elementor-widget-wd_image_or_svg\" data-id=\"8002f6b\" data-element_type=\"widget\" data-e-type=\"widget\" data-widget_type=\"wd_image_or_svg.default\">\n\t\t\t\t<div class=\"elementor-widget-container\">\n\t\t\t\t\t\n\t\t<div class=\"wd-image text-center\">\n\t\t\t\t\t\t\t\t<img fetchpriority=\"high\" decoding=\"async\" width=\"1920\" height=\"820\" src=\"https:\/\/solurabikes.de\/wp-content\/uploads\/2025\/10\/bikes-bg.jpg\" class=\"attachment-full size-full\" alt=\"\" srcset=\"https:\/\/solurabikes.de\/wp-content\/uploads\/2025\/10\/bikes-bg.jpg 1920w, https:\/\/solurabikes.de\/wp-content\/uploads\/2025\/10\/bikes-bg-430x184.jpg 430w, https:\/\/solurabikes.de\/wp-content\/uploads\/2025\/10\/bikes-bg-150x64.jpg 150w, https:\/\/solurabikes.de\/wp-content\/uploads\/2025\/10\/bikes-bg-700x299.jpg 700w, https:\/\/solurabikes.de\/wp-content\/uploads\/2025\/10\/bikes-bg-400x171.jpg 400w, https:\/\/solurabikes.de\/wp-content\/uploads\/2025\/10\/bikes-bg-1300x555.jpg 1300w, https:\/\/solurabikes.de\/wp-content\/uploads\/2025\/10\/bikes-bg-768x328.jpg 768w, https:\/\/solurabikes.de\/wp-content\/uploads\/2025\/10\/bikes-bg-1536x656.jpg 1536w\" sizes=\"(max-width: 1920px) 100vw, 1920px\" \/>\t\t\t\t\t<\/div>\n\n\t\t\t\t\t\t<\/div>\n\t\t\t\t<\/div>\n\t\t\t\t\t<\/div>\n\t\t\t\t<\/div>\n\t\t<div class=\"wd-negative-gap elementor-element elementor-element-2600f75 e-flex e-con-boxed e-con e-parent\" data-id=\"2600f75\" data-element_type=\"container\" data-e-type=\"container\">\n\t\t\t\t\t<div class=\"e-con-inner\">\n\t\t\t\t<div class=\"elementor-element elementor-element-f174f2b elementor-widget elementor-widget-wd_image_or_svg\" data-id=\"f174f2b\" data-element_type=\"widget\" data-e-type=\"widget\" data-widget_type=\"wd_image_or_svg.default\">\n\t\t\t\t<div class=\"elementor-widget-container\">\n\t\t\t\t\t\n\t\t<div class=\"wd-image text-left\">\n\t\t\t\t\t\t\t\t<img decoding=\"async\" width=\"1920\" height=\"739\" src=\"https:\/\/solurabikes.de\/wp-content\/uploads\/2021\/09\/slider2.webp\" class=\"attachment-full size-full\" alt=\"\" srcset=\"https:\/\/solurabikes.de\/wp-content\/uploads\/2021\/09\/slider2.webp 1920w, https:\/\/solurabikes.de\/wp-content\/uploads\/2021\/09\/slider2-430x166.webp 430w, https:\/\/solurabikes.de\/wp-content\/uploads\/2021\/09\/slider2-150x58.webp 150w, https:\/\/solurabikes.de\/wp-content\/uploads\/2021\/09\/slider2-700x269.webp 700w, https:\/\/solurabikes.de\/wp-content\/uploads\/2021\/09\/slider2-400x154.webp 400w, https:\/\/solurabikes.de\/wp-content\/uploads\/2021\/09\/slider2-1300x500.webp 1300w, https:\/\/solurabikes.de\/wp-content\/uploads\/2021\/09\/slider2-768x296.webp 768w, https:\/\/solurabikes.de\/wp-content\/uploads\/2021\/09\/slider2-1536x591.webp 1536w\" sizes=\"(max-width: 1920px) 100vw, 1920px\" \/>\t\t\t\t\t<\/div>\n\n\t\t\t\t\t\t<\/div>\n\t\t\t\t<\/div>\n\t\t<div class=\"elementor-element elementor-element-e296e6b e-con-full e-flex e-con e-child\" data-id=\"e296e6b\" data-element_type=\"container\" data-e-type=\"container\">\n\t\t\t\t<div class=\"elementor-element elementor-element-9b92741 elementor-widget elementor-widget-wd_text_block\" data-id=\"9b92741\" data-element_type=\"widget\" data-e-type=\"widget\" data-widget_type=\"wd_text_block.default\">\n\t\t\t\t<div class=\"elementor-widget-container\">\n\t\t\t\t\t\t\t<div class=\"wd-text-block reset-last-child text-left\">\n\t\t\t\n\t\t\t<p data-start=\"263\" data-end=\"512\"><strong>Unsere Mission<\/strong> ist einfach: <strong data-start=\"291\" data-end=\"369\">E-Bikes anbieten, die funktionieren \u2013 ohne Umwege, ohne leere Versprechen.<\/strong><br data-start=\"369\" data-end=\"372\" \/>Solura steht f\u00fcr eine ehrliche Alternative in einem Markt, der oft von Marketing, langen Lieferzeiten und unklaren Servicewegen gepr\u00e4gt ist. Wir konzentrieren uns auf solide Technik, ein faires Preis-Leistungs-Verh\u00e4ltnis und sofort verf\u00fcgbare Produkte aus eigenem Bestand. Statt Trends hinterherzulaufen, setzen wir auf praktikable L\u00f6sungen f\u00fcr den Alltag \u2013 f\u00fcr Privatkunden ebenso wie f\u00fcr gewerbliche Nutzer. Unser Ziel ist es, Mobilit\u00e4t zug\u00e4nglich, kalkulierbar und transparent zu machen.<\/p><h3 data-start=\"411\" data-end=\"429\">\u00a0<\/h3>\n\t\t\t\t\t<\/div>\n\t\t\t\t\t\t<\/div>\n\t\t\t\t<\/div>\n\t\t\t\t<\/div>\n\t\t\t\t\t<\/div>\n\t\t\t\t<\/div>\n\t\t<div class=\"wd-negative-gap elementor-element elementor-element-0104a82 e-flex e-con-boxed e-con e-parent\" data-id=\"0104a82\" data-element_type=\"container\" data-e-type=\"container\">\n\t\t\t\t\t<div class=\"e-con-inner\">\n\t\t<div class=\"elementor-element elementor-element-ff83f27 e-con-full e-flex e-con e-child\" data-id=\"ff83f27\" data-element_type=\"container\" data-e-type=\"container\">\n\t\t\t\t<div class=\"elementor-element elementor-element-59cc3d9 elementor-widget elementor-widget-wd_text_block\" data-id=\"59cc3d9\" data-element_type=\"widget\" data-e-type=\"widget\" data-widget_type=\"wd_text_block.default\">\n\t\t\t\t<div class=\"elementor-widget-container\">\n\t\t\t\t\t\t\t<div class=\"wd-text-block reset-last-child text-left\">\n\t\t\t\n\t\t\t<p data-start=\"900\" data-end=\"1118\">Wir verstehen uns nicht als anonyme Verkaufsplattform, sondern als <strong data-start=\"967\" data-end=\"995\">direkter Ansprechpartner<\/strong>.<br data-start=\"996\" data-end=\"999\" \/>Der pers\u00f6nliche Kontakt, klare Absprachen und eine nachvollziehbare Abwicklung geh\u00f6ren f\u00fcr uns selbstverst\u00e4ndlich dazu. Unsere Kunden begleiten wir vom ersten Kontakt \u00fcber die \u00dcbergabe bis hin zu Service- und Garantiefragen. Dabei setzen wir auf Offenheit und realistische Erwartungen \u2013 ohne \u00dcbertreibungen, ohne Kleingedrucktes. Solura ist ein Projekt, das w\u00e4chst \u2013 gemeinsam mit Kunden, Partnern und Werkst\u00e4tten, die Wert auf Verl\u00e4sslichkeit und faire Zusammenarbeit legen.<\/p>\n\t\t\t\t\t<\/div>\n\t\t\t\t\t\t<\/div>\n\t\t\t\t<\/div>\n\t\t\t\t<\/div>\n\t\t<div class=\"elementor-element elementor-element-ee3c696 e-con-full e-flex e-con e-child\" data-id=\"ee3c696\" data-element_type=\"container\" data-e-type=\"container\">\n\t\t\t\t<div class=\"elementor-element elementor-element-7937ece elementor-widget elementor-widget-wd_image_or_svg\" data-id=\"7937ece\" data-element_type=\"widget\" data-e-type=\"widget\" data-widget_type=\"wd_image_or_svg.default\">\n\t\t\t\t<div class=\"elementor-widget-container\">\n\t\t\t\t\t\n\t\t<div class=\"wd-image text-left\">\n\t\t\t\t\t\t\t\t<img decoding=\"async\" width=\"1600\" height=\"617\" src=\"https:\/\/solurabikes.de\/wp-content\/uploads\/2021\/09\/slider1.webp\" class=\"attachment-full size-full\" alt=\"\" srcset=\"https:\/\/solurabikes.de\/wp-content\/uploads\/2021\/09\/slider1.webp 1600w, https:\/\/solurabikes.de\/wp-content\/uploads\/2021\/09\/slider1-430x166.webp 430w, https:\/\/solurabikes.de\/wp-content\/uploads\/2021\/09\/slider1-150x58.webp 150w, https:\/\/solurabikes.de\/wp-content\/uploads\/2021\/09\/slider1-700x270.webp 700w, https:\/\/solurabikes.de\/wp-content\/uploads\/2021\/09\/slider1-400x154.webp 400w, https:\/\/solurabikes.de\/wp-content\/uploads\/2021\/09\/slider1-1300x501.webp 1300w, https:\/\/solurabikes.de\/wp-content\/uploads\/2021\/09\/slider1-768x296.webp 768w, https:\/\/solurabikes.de\/wp-content\/uploads\/2021\/09\/slider1-1536x592.webp 1536w\" sizes=\"(max-width: 1600px) 100vw, 1600px\" \/>\t\t\t\t\t<\/div>\n\n\t\t\t\t\t\t<\/div>\n\t\t\t\t<\/div>\n\t\t\t\t<\/div>\n\t\t\t\t\t<\/div>\n\t\t\t\t<\/div>\n\t\t<div class=\"wd-negative-gap elementor-element elementor-element-70e6290 e-flex e-con-boxed e-con e-parent\" data-id=\"70e6290\" data-element_type=\"container\" data-e-type=\"container\">\n\t\t\t\t\t<div class=\"e-con-inner\">\n\t\t<div class=\"elementor-element elementor-element-dafb285 e-con-full e-flex e-con e-child\" data-id=\"dafb285\" data-element_type=\"container\" data-e-type=\"container\">\n\t\t\t\t<div class=\"elementor-element elementor-element-2e14130 elementor-widget elementor-widget-wd_image_or_svg\" data-id=\"2e14130\" data-element_type=\"widget\" data-e-type=\"widget\" data-widget_type=\"wd_image_or_svg.default\">\n\t\t\t\t<div class=\"elementor-widget-container\">\n\t\t\t\t\t\n\t\t<div class=\"wd-image text-left\">\n\t\t\t\t\t\t\t\t<img loading=\"lazy\" decoding=\"async\" width=\"1920\" height=\"740\" src=\"https:\/\/solurabikes.de\/wp-content\/uploads\/2021\/09\/slider3.webp\" class=\"attachment-full size-full\" alt=\"\" srcset=\"https:\/\/solurabikes.de\/wp-content\/uploads\/2021\/09\/slider3.webp 1920w, https:\/\/solurabikes.de\/wp-content\/uploads\/2021\/09\/slider3-430x166.webp 430w, https:\/\/solurabikes.de\/wp-content\/uploads\/2021\/09\/slider3-150x58.webp 150w, https:\/\/solurabikes.de\/wp-content\/uploads\/2021\/09\/slider3-700x270.webp 700w, https:\/\/solurabikes.de\/wp-content\/uploads\/2021\/09\/slider3-400x154.webp 400w, https:\/\/solurabikes.de\/wp-content\/uploads\/2021\/09\/slider3-1300x501.webp 1300w, https:\/\/solurabikes.de\/wp-content\/uploads\/2021\/09\/slider3-768x296.webp 768w, https:\/\/solurabikes.de\/wp-content\/uploads\/2021\/09\/slider3-1536x592.webp 1536w\" sizes=\"(max-width: 1920px) 100vw, 1920px\" \/>\t\t\t\t\t<\/div>\n\n\t\t\t\t\t\t<\/div>\n\t\t\t\t<\/div>\n\t\t\t\t<\/div>\n\t\t<div class=\"elementor-element elementor-element-ea68134 e-con-full e-flex e-con e-child\" data-id=\"ea68134\" data-element_type=\"container\" data-e-type=\"container\">\n\t\t\t\t<div class=\"elementor-element elementor-element-336a689 elementor-widget elementor-widget-wd_text_block\" data-id=\"336a689\" data-element_type=\"widget\" data-e-type=\"widget\" data-widget_type=\"wd_text_block.default\">\n\t\t\t\t<div class=\"elementor-widget-container\">\n\t\t\t\t\t\t\t<div class=\"wd-text-block reset-last-child text-left\">\n\t\t\t\n\t\t\t<p data-start=\"119\" data-end=\"334\">Solura steht f\u00fcr einen ehrlichen und pragmatischen Ansatz im E-Bike-Markt. Wir setzen auf klare Abl\u00e4ufe, faire Preise und Produkte, die im Alltag funktionieren \u2013 ohne \u00fcbertriebene Versprechen oder lange Wartezeiten. Unsere E-Bikes sind neu, originalverpackt und sofort verf\u00fcgbar. Wir verkaufen ausschlie\u00dflich aus eigenem Bestand und legen Wert auf transparente Kommunikation, nachvollziehbare Preise und einen erreichbaren Ansprechpartner. Kunden sollen wissen, woran sie sind \u2013 vom ersten Kontakt bis nach dem Kauf. Solura versteht sich nicht als Hochglanzmarke, sondern als verl\u00e4sslicher Partner f\u00fcr private und gewerbliche Nutzer. Bodenst\u00e4ndig, direkt und verantwortungsvoll \u2013 das ist unser Anspruch.<\/p>\n\t\t\t\t\t<\/div>\n\t\t\t\t\t\t<\/div>\n\t\t\t\t<\/div>\n\t\t\t\t<\/div>\n\t\t\t\t\t<\/div>\n\t\t\t\t<\/div>\n\t\t<div class=\"wd-negative-gap elementor-element elementor-element-ef2d3a6 e-flex e-con-boxed e-con e-parent\" data-id=\"ef2d3a6\" data-element_type=\"container\" data-e-type=\"container\">\n\t\t\t\t\t<div class=\"e-con-inner\">\n\t\t\t\t\t<\/div>\n\t\t\t\t<\/div>\n\t\t\t\t<\/div>","protected":false},"excerpt":{"rendered":"<p>Unsere Mission ist einfach: E-Bikes anbieten, die funktionieren \u2013 ohne Umwege, ohne leere Versprechen.Solura steht f\u00fcr eine ehrliche Alternative in<\/p>","protected":false},"author":1,"featured_media":0,"parent":0,"menu_order":0,"comment_status":"closed","ping_status":"closed","template":"","meta":{"footnotes":""},"class_list":["post-4400","page","type-page","status-publish","hentry"],"_links":{"self":[{"href":"https:\/\/solurabikes.de\/en\/wp-json\/wp\/v2\/pages\/4400","targetHints":{"allow":["GET"]}}],"collection":[{"href":"https:\/\/solurabikes.de\/en\/wp-json\/wp\/v2\/pages"}],"about":[{"href":"https:\/\/solurabikes.de\/en\/wp-json\/wp\/v2\/types\/page"}],"author":[{"embeddable":true,"href":"https:\/\/solurabikes.de\/en\/wp-json\/wp\/v2\/users\/1"}],"replies":[{"embeddable":true,"href":"https:\/\/solurabikes.de\/en\/wp-json\/wp\/v2\/comments?post=4400"}],"version-history":[{"count":28,"href":"https:\/\/solurabikes.de\/en\/wp-json\/wp\/v2\/pages\/4400\/revisions"}],"predecessor-version":[{"id":29477,"href":"https:\/\/solurabikes.de\/en\/wp-json\/wp\/v2\/pages\/4400\/revisions\/29477"}],"wp:attachment":[{"href":"https:\/\/solurabikes.de\/en\/wp-json\/wp\/v2\/media?parent=4400"}],"curies":[{"name":"wp","href":"https:\/\/api.w.org\/{rel}","templated":true}]}}